{"id":4897,"date":"2021-11-15T10:55:43","date_gmt":"2021-11-15T15:55:43","guid":{"rendered":"https:\/\/clavedesur.org\/?page_id=4897"},"modified":"2021-11-15T11:51:07","modified_gmt":"2021-11-15T16:51:07","slug":"complementary-activities","status":"publish","type":"page","link":"https:\/\/clavedesur.org\/en\/complementary-activities\/","title":{"rendered":"Complementary Activities"},"content":{"rendered":"<h2 style=\"text-align: center;\">Workshops and Activities<\/h2>\n<p style=\"text-align: center;\">We realize training and activities of integration and recreational.<\/p>\n<p><img fetchpriority=\"high\" decoding=\"async\" class=\"wp-image-470 alignleft\" src=\"https:\/\/clavedesur.org\/wp-content\/uploads\/2015\/11\/wil.jpg\" alt=\"\" width=\"390\" height=\"223\" srcset=\"https:\/\/clavedesur.org\/wp-content\/uploads\/2015\/11\/wil.jpg 1218w, https:\/\/clavedesur.org\/wp-content\/uploads\/2015\/11\/wil-600x344.jpg 600w, https:\/\/clavedesur.org\/wp-content\/uploads\/2015\/11\/wil-300x172.jpg 300w, https:\/\/clavedesur.org\/wp-content\/uploads\/2015\/11\/wil-1024x587.jpg 1024w, https:\/\/clavedesur.org\/wp-content\/uploads\/2015\/11\/wil-768x440.jpg 768w\" sizes=\"(max-width: 390px) 100vw, 390px\" \/><\/p>\n<p>&nbsp;<\/p>\n<p>We keep workshops that help our participants to develop abilities that contribute to their daily life in their studies, jobs, and personal life.<\/p>\n<p>&nbsp;<\/p>\n<p>The recreational activities are also important to get better the teamwork and the integration of our members.<\/p>\n<h2><\/h2>\n<p>&nbsp;<\/p>\n<hr \/>\n<h2 style=\"text-align: center;\">Artistic Groups<\/h2>\n<p>In addition to the presentations in many cities in Ecuador with the Montecristi Express tour and Tour with the UoM Network, we have had the opportunity in many sceneries in Guayaquil, such as:<\/p>\n<p>Alianza Francesa de Guayaquil, el Centro Cultural Ecuatoriano Alem\u00e1n, Centro Ecuatoriano Norteamericano, Casa de la Cultura -N\u00facleo del Guayas, tambi\u00e9n en los Museos Presley Norton, Nah\u00edm Isa\u00edas y los parques Samanes y Stella Maris en Guayaquil.<\/p>\n<p><img decoding=\"async\" class=\"aligncenter wp-image-2997\" src=\"https:\/\/clavedesur.org\/wp-content\/uploads\/2018\/08\/Presentacio\u0301n-Choclitos-FM.png\" alt=\"\" width=\"582\" height=\"317\" srcset=\"https:\/\/clavedesur.org\/wp-content\/uploads\/2018\/08\/Presentacio\u0301n-Choclitos-FM.png 1536w, https:\/\/clavedesur.org\/wp-content\/uploads\/2018\/08\/Presentacio\u0301n-Choclitos-FM-600x327.png 600w, https:\/\/clavedesur.org\/wp-content\/uploads\/2018\/08\/Presentacio\u0301n-Choclitos-FM-300x163.png 300w, https:\/\/clavedesur.org\/wp-content\/uploads\/2018\/08\/Presentacio\u0301n-Choclitos-FM-768x418.png 768w, https:\/\/clavedesur.org\/wp-content\/uploads\/2018\/08\/Presentacio\u0301n-Choclitos-FM-1024x557.png 1024w\" sizes=\"(max-width: 582px) 100vw, 582px\" \/><\/p>\n<p>The booking of didactics presentations, music to events, parties of companies, programmings y services of advisory allow generating own income whose benefits they are used in their entirety for the purposes of Clave de Sur.<\/p>\n<p>Our members make up instrumental and vocal sets, such as Duos, Trios, Quartets, Ensemble, Orchestra, and Choir, promoting personal and social relationships.<\/p>\n<p>We count with a wide experience with different groups that have been formed.<\/p>\n<p>&nbsp;<\/p>","protected":false},"excerpt":{"rendered":"<p>Workshops and Activities We realize training and activities of integration and recreational. &nbsp; We keep workshops that help our participants to develop abilities that contribute to their daily life in their studies, jobs, and personal life. &nbsp; The recreational activities are also important to get better the teamwork and the integration of our members. &nbsp;&#8230;<\/p>","protected":false},"author":2,"featured_media":68,"parent":0,"menu_order":0,"comment_status":"closed","ping_status":"closed","template":"page-templates\/page-with-right-sidebar.php","meta":{"jetpack_post_was_ever_published":false,"footnotes":""},"class_list":["post-4897","page","type-page","status-publish","has-post-thumbnail","hentry"],"jetpack_sharing_enabled":true,"jetpack_shortlink":"https:\/\/wp.me\/P6K5aS-1gZ","jetpack-related-posts":[{"id":4231,"url":"https:\/\/clavedesur.org\/en\/front-page-english\/","url_meta":{"origin":4897,"position":0},"title":"Welcome to CdS","author":"Ana Rub\u00ed A.S.","date":"26 February, 2021","format":false,"excerpt":"Music courses\u00a0 We organize music classes for wind, percussion and stringed instruments.\u00a0 Dance courses We also offer classes in modern and classical dance, physical training and gymnastics for children aged 3 and up.\u00a0 Other services Our volunteers also help us provide other services to the community such as language courses\u2026","rel":"","context":"Similar post","block_context":{"text":"Similar post","link":""},"img":{"alt_text":"","src":"","width":0,"height":0},"classes":[]},{"id":4812,"url":"https:\/\/clavedesur.org\/en\/activities\/","url_meta":{"origin":4897,"position":1},"title":"Our Activities","author":"Ibis Salinas","date":"11 November, 2021","format":false,"excerpt":"We aim to provide a comprehensive music education program, meaning that beyond simply teaching music, we seek to make a positive contribution to the life of each and every one of our participants. Since we began our activities in 2005, more than 1,000 children, young people and adults have participated\u2026","rel":"","context":"Similar post","block_context":{"text":"Similar post","link":""},"img":{"alt_text":"","src":"https:\/\/i0.wp.com\/clavedesur.org\/wp-content\/uploads\/2018\/05\/portada-video.jpg?resize=350%2C200&ssl=1","width":350,"height":200,"srcset":"https:\/\/i0.wp.com\/clavedesur.org\/wp-content\/uploads\/2018\/05\/portada-video.jpg?resize=350%2C200&ssl=1 1x, https:\/\/i0.wp.com\/clavedesur.org\/wp-content\/uploads\/2018\/05\/portada-video.jpg?resize=525%2C300&ssl=1 1.5x, https:\/\/i0.wp.com\/clavedesur.org\/wp-content\/uploads\/2018\/05\/portada-video.jpg?resize=700%2C400&ssl=1 2x, https:\/\/i0.wp.com\/clavedesur.org\/wp-content\/uploads\/2018\/05\/portada-video.jpg?resize=1050%2C600&ssl=1 3x, https:\/\/i0.wp.com\/clavedesur.org\/wp-content\/uploads\/2018\/05\/portada-video.jpg?resize=1400%2C800&ssl=1 4x"},"classes":[]},{"id":4835,"url":"https:\/\/clavedesur.org\/en\/get-to-know-us\/","url_meta":{"origin":4897,"position":2},"title":"More about us","author":"Ana Rub\u00ed A.S.","date":"11 November, 2021","format":false,"excerpt":"Clave de Sur is a non-profit and inclusive socio-cultural educational program that seeks to put music in front of some of our country's social problems, by creating alternative spaces where children, young people and adults can explore and develop their passions and creatvity, We rely on contributions of products and\u2026","rel":"","context":"Similar post","block_context":{"text":"Similar post","link":""},"img":{"alt_text":"","src":"","width":0,"height":0},"classes":[]},{"id":4650,"url":"https:\/\/clavedesur.org\/en\/participate\/","url_meta":{"origin":4897,"position":3},"title":"Participate","author":"Ibis Salinas","date":"3 August, 2021","format":false,"excerpt":"We work with children, youth and adults who want to learn to play a musical instrument, form musical groups and demonstrate their talent. In addition, we do various workshops so that our participants progress integrally and develop using their free time profitably. Our search is for music instructors and those\u2026","rel":"","context":"Similar post","block_context":{"text":"Similar post","link":""},"img":{"alt_text":"","src":"https:\/\/i0.wp.com\/clavedesur.org\/wp-content\/uploads\/2015\/09\/DSC_0113.jpg?resize=350%2C200&ssl=1","width":350,"height":200},"classes":[]},{"id":4841,"url":"https:\/\/clavedesur.org\/en\/activities\/language-courses\/","url_meta":{"origin":4897,"position":4},"title":"Language Courses","author":"Ana Rub\u00ed A.S.","date":"11 November, 2021","format":false,"excerpt":"It is known that we work with volunteers either national or foreign to give the music classes at Clave de Sur. These volunteers want to contribute also to the community with courses in other languages. In addition, we count on the support of organizations such as Une Option de Plus,\u2026","rel":"","context":"Similar post","block_context":{"text":"Similar post","link":""},"img":{"alt_text":"","src":"https:\/\/i0.wp.com\/clavedesur.org\/wp-content\/uploads\/2019\/01\/curso-idiomas_curso-idiomas.jpg?resize=350%2C200&ssl=1","width":350,"height":200,"srcset":"https:\/\/i0.wp.com\/clavedesur.org\/wp-content\/uploads\/2019\/01\/curso-idiomas_curso-idiomas.jpg?resize=350%2C200&ssl=1 1x, https:\/\/i0.wp.com\/clavedesur.org\/wp-content\/uploads\/2019\/01\/curso-idiomas_curso-idiomas.jpg?resize=525%2C300&ssl=1 1.5x, https:\/\/i0.wp.com\/clavedesur.org\/wp-content\/uploads\/2019\/01\/curso-idiomas_curso-idiomas.jpg?resize=700%2C400&ssl=1 2x, https:\/\/i0.wp.com\/clavedesur.org\/wp-content\/uploads\/2019\/01\/curso-idiomas_curso-idiomas.jpg?resize=1050%2C600&ssl=1 3x, https:\/\/i0.wp.com\/clavedesur.org\/wp-content\/uploads\/2019\/01\/curso-idiomas_curso-idiomas.jpg?resize=1400%2C800&ssl=1 4x"},"classes":[]},{"id":4719,"url":"https:\/\/clavedesur.org\/en\/portfolio\/","url_meta":{"origin":4897,"position":5},"title":"Portfolio","author":"Ibis Salinas","date":"5 August, 2021","format":false,"excerpt":"Portfolio of Experiences List of Projects carried out thanks to the support of national and international institutions\/groups. Experiences that have helped Clave de Sur. \u00a0 Ver Proyecto Montecristi Express Tour It was in the goal of collecting proposals from young people for the new constitution that was being formed. From\u2026","rel":"","context":"Similar post","block_context":{"text":"Similar post","link":""},"img":{"alt_text":"","src":"https:\/\/i0.wp.com\/clavedesur.org\/wp-content\/uploads\/2018\/09\/BID.jpg?resize=350%2C200&ssl=1","width":350,"height":200},"classes":[]}],"jetpack_likes_enabled":true,"_links":{"self":[{"href":"https:\/\/clavedesur.org\/en\/wp-json\/wp\/v2\/pages\/4897","targetHints":{"allow":["GET"]}}],"collection":[{"href":"https:\/\/clavedesur.org\/en\/wp-json\/wp\/v2\/pages"}],"about":[{"href":"https:\/\/clavedesur.org\/en\/wp-json\/wp\/v2\/types\/page"}],"author":[{"embeddable":true,"href":"https:\/\/clavedesur.org\/en\/wp-json\/wp\/v2\/users\/2"}],"replies":[{"embeddable":true,"href":"https:\/\/clavedesur.org\/en\/wp-json\/wp\/v2\/comments?post=4897"}],"version-history":[{"count":3,"href":"https:\/\/clavedesur.org\/en\/wp-json\/wp\/v2\/pages\/4897\/revisions"}],"predecessor-version":[{"id":4918,"href":"https:\/\/clavedesur.org\/en\/wp-json\/wp\/v2\/pages\/4897\/revisions\/4918"}],"wp:featuredmedia":[{"embeddable":true,"href":"https:\/\/clavedesur.org\/en\/wp-json\/wp\/v2\/media\/68"}],"wp:attachment":[{"href":"https:\/\/clavedesur.org\/en\/wp-json\/wp\/v2\/media?parent=4897"}],"curies":[{"name":"wp","href":"https:\/\/api.w.org\/{rel}","templated":true}]}}