{"id":4827,"date":"2021-11-11T20:04:35","date_gmt":"2021-11-12T01:04:35","guid":{"rendered":"https:\/\/clavedesur.org\/?page_id=4827"},"modified":"2022-01-31T16:36:10","modified_gmt":"2022-01-31T21:36:10","slug":"find-out","status":"publish","type":"page","link":"https:\/\/clavedesur.org\/en\/find-out\/","title":{"rendered":"More INFO"},"content":{"rendered":"<p style=\"text-align: center;\"><a href=\"https:\/\/clavedesur.org\/en\/contacto\/\" class=\"su-button su-button-style-default\" style=\"color:#ffffff;background-color:#2083b4;border-color:#1a6990;border-radius:7px\" target=\"_blank\" rel=\"noopener noreferrer\"><span style=\"color:#ffffff;padding:7px 20px;font-size:16px;line-height:24px;border-color:#63a9cb;border-radius:7px;text-shadow:0px 0px 0px #000000\"><i class=\"sui sui-commenting-o\" style=\"font-size:16px;color:#ffffff\"><\/i> Contact <\/span><\/a> <a href=\"https:\/\/clavedesur.org\/en\/category\/noticias\/\" class=\"su-button su-button-style-default\" style=\"color:#ffffff;background-color:#2083b4;border-color:#1a6990;border-radius:7px\" target=\"_blank\" rel=\"noopener noreferrer\"><span style=\"color:#ffffff;padding:7px 20px;font-size:16px;line-height:24px;border-color:#63a9cb;border-radius:7px;text-shadow:0px 0px 0px #000000\"><i class=\"sui sui-newspaper-o\" style=\"font-size:16px;color:#ffffff\"><\/i> News <\/span><\/a> <a href=\"https:\/\/clavedesur.org\/en\/sobre-nosotros\/eventos\/\" class=\"su-button su-button-style-default\" style=\"color:#ffffff;background-color:#2083b4;border-color:#1a6990;border-radius:7px\" target=\"_blank\" rel=\"noopener noreferrer\"><span style=\"color:#ffffff;padding:7px 20px;font-size:16px;line-height:24px;border-color:#63a9cb;border-radius:7px;text-shadow:0px 0px 0px #000000\"><i class=\"sui sui-calendar\" style=\"font-size:16px;color:#ffffff\"><\/i> Events <\/span><\/a>\r\n<p>&nbsp;<\/p>\r\n<h4 id=\"tw-target-text\" class=\"tw-data-text tw-text-large tw-ta\" dir=\"ltr\" style=\"text-align: center;\" data-placeholder=\"Traducci\u00f3n\"><span class=\"Y2IQFc\" lang=\"en\">More information about us can also be found on the following websites:<\/span><\/h4>\r\n<figure id=\"attachment_3201\" aria-describedby=\"caption-attachment-3201\" style=\"width: 294px\" class=\"wp-caption alignleft\"><a href=\"https:\/\/guayaquil.musikerohnegrenzen.de\/\"><img decoding=\"async\" class=\"wp-image-3201\" src=\"https:\/\/clavedesur.org\/wp-content\/uploads\/2018\/11\/mog-gye.jpg\" alt=\"Musiker ohne Grenzen\" width=\"294\" height=\"42\" srcset=\"https:\/\/clavedesur.org\/wp-content\/uploads\/2018\/11\/mog-gye.jpg 700w, https:\/\/clavedesur.org\/wp-content\/uploads\/2018\/11\/mog-gye-600x86.jpg 600w, https:\/\/clavedesur.org\/wp-content\/uploads\/2018\/11\/mog-gye-300x43.jpg 300w\" sizes=\"(max-width: 294px) 100vw, 294px\" \/><\/a><figcaption id=\"caption-attachment-3201\" class=\"wp-caption-text\">Trabaja para establecer una red de trabajo mundial de proyectos musicales creativos para acercar m\u00e1s a las personas entre s\u00ed y permitirles tener acceso a la m\u00fasica, independiente de su condici\u00f3n de vida.<\/figcaption><\/figure>\r\n<figure id=\"attachment_2340\" aria-describedby=\"caption-attachment-2340\" style=\"width: 271px\" class=\"wp-caption alignleft\"><a href=\"http:\/\/www.uneoptiondeplus.org\/?descubrir_las_ong\/clave_de_sur\"><img decoding=\"async\" class=\"wp-image-2340\" src=\"https:\/\/clavedesur.org\/wp-content\/uploads\/2018\/05\/Red-uoM-02-e1533832513999.png\" alt=\"Una Opci\u00f3n M\u00e1s \" width=\"271\" height=\"65\" srcset=\"https:\/\/clavedesur.org\/wp-content\/uploads\/2018\/05\/Red-uoM-02-e1533832513999.png 833w, https:\/\/clavedesur.org\/wp-content\/uploads\/2018\/05\/Red-uoM-02-e1533832513999-600x144.png 600w\" sizes=\"(max-width: 271px) 100vw, 271px\" \/><\/a><figcaption id=\"caption-attachment-2340\" class=\"wp-caption-text\">Tiene como prop\u00f3sito apoyar las iniciativas de las asociaciones en Ecuador, cuyo objetivo es mejorar las condiciones de vida de los habitantes.<\/figcaption><\/figure>\r\n<figure id=\"attachment_2673\" aria-describedby=\"caption-attachment-2673\" style=\"width: 169px\" class=\"wp-caption alignleft\"><a href=\"https:\/\/www.omprakash.org\/global\/clave-de-sur\"><img decoding=\"async\" class=\"wp-image-2673\" src=\"https:\/\/clavedesur.org\/wp-content\/uploads\/2018\/08\/omprakash-carousel.jpg\" alt=\"omprakash\" width=\"169\" height=\"135\" \/><\/a><figcaption id=\"caption-attachment-2673\" class=\"wp-caption-text\">Lleva a ciudadanos del mundo hacia una toma de conciencia de comunidad humana, de la que son indivisibles y dentro del cual pueden lograr un cambio.<\/figcaption><\/figure>\r\n<figure id=\"attachment_2680\" aria-describedby=\"caption-attachment-2680\" style=\"width: 173px\" class=\"wp-caption alignleft\"><a href=\"http:\/\/vofair.org\/clave-de-sur\"><img loading=\"lazy\" decoding=\"async\" class=\"wp-image-2680\" src=\"https:\/\/clavedesur.org\/wp-content\/uploads\/2018\/08\/vofair-carousel.jpg\" alt=\"vofair\" width=\"173\" height=\"138\" \/><\/a><figcaption id=\"caption-attachment-2680\" class=\"wp-caption-text\">Voluntariado Justo, es un guardi\u00e1n de la transparencia en el voluntariado.<\/figcaption><\/figure>\r\n<figure id=\"attachment_2343\" aria-describedby=\"caption-attachment-2343\" style=\"width: 213px\" class=\"wp-caption alignleft\"><a href=\"https:\/\/www.givingway.com\/organization\/clave-de-sur\"><img loading=\"lazy\" decoding=\"async\" class=\"wp-image-2343\" src=\"https:\/\/clavedesur.org\/wp-content\/uploads\/2018\/05\/GivingWay.png\" alt=\"GivingWay\" width=\"213\" height=\"33\" \/><\/a><figcaption id=\"caption-attachment-2343\" class=\"wp-caption-text\">(\u00abDando Paso\u00bb) Red social en l\u00ednea que conecta directamente organizaciones sin fines de lucro y voluntarios de todo el mundo.<\/figcaption><\/figure>\r\n<figure id=\"attachment_299\" aria-describedby=\"caption-attachment-299\" style=\"width: 187px\" class=\"wp-caption alignleft\"><a href=\"http:\/\/www.redomi.org\/mapa-redomi\/\"><img loading=\"lazy\" decoding=\"async\" class=\"wp-image-299\" src=\"https:\/\/clavedesur.org\/wp-content\/uploads\/2015\/09\/Red-de-Organizaciones-Musicosociales-de-Iberoam\u00e9rica.jpg\" alt=\"REDOMI\" width=\"187\" height=\"145\" \/><\/a><figcaption id=\"caption-attachment-299\" class=\"wp-caption-text\">Plataforma REDOMI trabaja para la investigaci\u00f3n, desarrollo y difusi\u00f3n de la pr\u00e1ctica y la educaci\u00f3n musicosocial.<\/figcaption><\/figure>\r\n<figure id=\"attachment_3200\" aria-describedby=\"caption-attachment-3200\" style=\"width: 265px\" class=\"wp-caption alignleft\"><a href=\"http:\/\/www.activate.ec\/content\/clave-de-sur\"><img loading=\"lazy\" decoding=\"async\" class=\"wp-image-3200\" src=\"https:\/\/clavedesur.org\/wp-content\/uploads\/2018\/11\/activate-1.png\" alt=\"Act\u00edvate Ecuador\" width=\"265\" height=\"184\" \/><\/a><figcaption id=\"caption-attachment-3200\" class=\"wp-caption-text\">Act\u00edvate da informaci\u00f3n acerca de y para la poblaci\u00f3n joven del Ecuador.<\/figcaption><\/figure>","protected":false},"excerpt":{"rendered":"","protected":false},"author":2,"featured_media":2653,"parent":0,"menu_order":0,"comment_status":"closed","ping_status":"closed","template":"page-templates\/page-with-right-sidebar.php","meta":{"jetpack_post_was_ever_published":false,"footnotes":""},"class_list":["post-4827","page","type-page","status-publish","has-post-thumbnail","hentry"],"jetpack_sharing_enabled":true,"jetpack_shortlink":"https:\/\/wp.me\/P6K5aS-1fR","jetpack-related-posts":[{"id":4841,"url":"https:\/\/clavedesur.org\/en\/activities\/language-courses\/","url_meta":{"origin":4827,"position":0},"title":"Language Courses","author":"Ana Rub\u00ed A.S.","date":"11 November, 2021","format":false,"excerpt":"It is known that we work with volunteers either national or foreign to give the music classes at Clave de Sur. These volunteers want to contribute also to the community with courses in other languages. In addition, we count on the support of organizations such as Une Option de Plus,\u2026","rel":"","context":"Similar post","block_context":{"text":"Similar post","link":""},"img":{"alt_text":"","src":"https:\/\/i0.wp.com\/clavedesur.org\/wp-content\/uploads\/2019\/01\/curso-idiomas_curso-idiomas.jpg?resize=350%2C200&ssl=1","width":350,"height":200,"srcset":"https:\/\/i0.wp.com\/clavedesur.org\/wp-content\/uploads\/2019\/01\/curso-idiomas_curso-idiomas.jpg?resize=350%2C200&ssl=1 1x, https:\/\/i0.wp.com\/clavedesur.org\/wp-content\/uploads\/2019\/01\/curso-idiomas_curso-idiomas.jpg?resize=525%2C300&ssl=1 1.5x, https:\/\/i0.wp.com\/clavedesur.org\/wp-content\/uploads\/2019\/01\/curso-idiomas_curso-idiomas.jpg?resize=700%2C400&ssl=1 2x, https:\/\/i0.wp.com\/clavedesur.org\/wp-content\/uploads\/2019\/01\/curso-idiomas_curso-idiomas.jpg?resize=1050%2C600&ssl=1 3x, https:\/\/i0.wp.com\/clavedesur.org\/wp-content\/uploads\/2019\/01\/curso-idiomas_curso-idiomas.jpg?resize=1400%2C800&ssl=1 4x"},"classes":[]},{"id":4675,"url":"https:\/\/clavedesur.org\/en\/course-of-dance\/","url_meta":{"origin":4827,"position":1},"title":"Course of Dance","author":"Ibis Salinas","date":"5 August, 2021","format":false,"excerpt":"The dance makes children feel free, and it helps to improve their coordination. Clave de Sur opened up its Courses of Dance in 2018, many years ago I had been done vacation courses previously in Mi Cometa's movement, but they had not been given continuity. We foray into this new\u2026","rel":"","context":"Similar post","block_context":{"text":"Similar post","link":""},"img":{"alt_text":"","src":"https:\/\/i0.wp.com\/clavedesur.org\/wp-content\/uploads\/2019\/10\/Escuela-de-Danza-scaled.jpg?resize=350%2C200&ssl=1","width":350,"height":200,"srcset":"https:\/\/i0.wp.com\/clavedesur.org\/wp-content\/uploads\/2019\/10\/Escuela-de-Danza-scaled.jpg?resize=350%2C200&ssl=1 1x, https:\/\/i0.wp.com\/clavedesur.org\/wp-content\/uploads\/2019\/10\/Escuela-de-Danza-scaled.jpg?resize=525%2C300&ssl=1 1.5x, https:\/\/i0.wp.com\/clavedesur.org\/wp-content\/uploads\/2019\/10\/Escuela-de-Danza-scaled.jpg?resize=700%2C400&ssl=1 2x, https:\/\/i0.wp.com\/clavedesur.org\/wp-content\/uploads\/2019\/10\/Escuela-de-Danza-scaled.jpg?resize=1050%2C600&ssl=1 3x, https:\/\/i0.wp.com\/clavedesur.org\/wp-content\/uploads\/2019\/10\/Escuela-de-Danza-scaled.jpg?resize=1400%2C800&ssl=1 4x"},"classes":[]},{"id":4773,"url":"https:\/\/clavedesur.org\/en\/musical-instruction\/","url_meta":{"origin":4827,"position":2},"title":"Musical Instruction","author":"Ibis Salinas","date":"15 November, 2021","format":false,"excerpt":"Quite moderate costs, good teaching, and the facility of using our instruments to the classes. \u00a0 We count with classes of musical instruments of wind, percussion, strings, and singing.\u00a0 Our theoretical and practical classes are taught by national and foreign volunteers, with personal attention for a better understanding of the\u2026","rel":"","context":"Similar post","block_context":{"text":"Similar post","link":""},"img":{"alt_text":"","src":"https:\/\/i0.wp.com\/clavedesur.org\/wp-content\/uploads\/2017\/09\/2017-08-26_16-25-41-scaled.jpg?resize=350%2C200&ssl=1","width":350,"height":200,"srcset":"https:\/\/i0.wp.com\/clavedesur.org\/wp-content\/uploads\/2017\/09\/2017-08-26_16-25-41-scaled.jpg?resize=350%2C200&ssl=1 1x, https:\/\/i0.wp.com\/clavedesur.org\/wp-content\/uploads\/2017\/09\/2017-08-26_16-25-41-scaled.jpg?resize=525%2C300&ssl=1 1.5x, https:\/\/i0.wp.com\/clavedesur.org\/wp-content\/uploads\/2017\/09\/2017-08-26_16-25-41-scaled.jpg?resize=700%2C400&ssl=1 2x, https:\/\/i0.wp.com\/clavedesur.org\/wp-content\/uploads\/2017\/09\/2017-08-26_16-25-41-scaled.jpg?resize=1050%2C600&ssl=1 3x, https:\/\/i0.wp.com\/clavedesur.org\/wp-content\/uploads\/2017\/09\/2017-08-26_16-25-41-scaled.jpg?resize=1400%2C800&ssl=1 4x"},"classes":[]},{"id":4849,"url":"https:\/\/clavedesur.org\/en\/contact\/","url_meta":{"origin":4827,"position":3},"title":"Contact","author":"Ana Rub\u00ed A.S.","date":"11 November, 2021","format":false,"excerpt":"Get in touch! Guayaquil, Ecuador Guasmo Sur, Cooperativa Mariuxi Febres Cordero, Manzana 1674 Solar 2 Zip code: 090106 WhatsApp: +593 963959778 Email: clavedesur@mail.com EMAIL US [wpgmza id=\"1\"] DIRECTIONS TO FIND OUT MORE, DONATE INSTRUMENTS OR VOLUNTEER Write us, call us, or visit us on social media or at our facilities.\u2026","rel":"","context":"Similar post","block_context":{"text":"Similar post","link":""},"img":{"alt_text":"","src":"https:\/\/i0.wp.com\/clavedesur.org\/wp-content\/uploads\/2017\/09\/2017-08-26_15-22-37-scaled.jpg?resize=350%2C200&ssl=1","width":350,"height":200,"srcset":"https:\/\/i0.wp.com\/clavedesur.org\/wp-content\/uploads\/2017\/09\/2017-08-26_15-22-37-scaled.jpg?resize=350%2C200&ssl=1 1x, https:\/\/i0.wp.com\/clavedesur.org\/wp-content\/uploads\/2017\/09\/2017-08-26_15-22-37-scaled.jpg?resize=525%2C300&ssl=1 1.5x, https:\/\/i0.wp.com\/clavedesur.org\/wp-content\/uploads\/2017\/09\/2017-08-26_15-22-37-scaled.jpg?resize=700%2C400&ssl=1 2x, https:\/\/i0.wp.com\/clavedesur.org\/wp-content\/uploads\/2017\/09\/2017-08-26_15-22-37-scaled.jpg?resize=1050%2C600&ssl=1 3x, https:\/\/i0.wp.com\/clavedesur.org\/wp-content\/uploads\/2017\/09\/2017-08-26_15-22-37-scaled.jpg?resize=1400%2C800&ssl=1 4x"},"classes":[]},{"id":4980,"url":"https:\/\/clavedesur.org\/en\/librotk-2\/","url_meta":{"origin":4827,"position":4},"title":"LibroTK","author":"Ana Rub\u00ed A.S.","date":"24 November, 2021","format":false,"excerpt":"Knowing of the benefits of reading in our mental health, in communication, in culture, society, etc. Some volunteers of Clave de Sur have compiled books so they can be read for whose doesn't have the resources to share them.\u00a0 This initiative has been made thanks to the preoccupation of Annika\u2026","rel":"","context":"Similar post","block_context":{"text":"Similar post","link":""},"img":{"alt_text":"LibroTK","src":"https:\/\/i0.wp.com\/clavedesur.org\/wp-content\/uploads\/2015\/09\/LibroTK.png?resize=350%2C200&ssl=1","width":350,"height":200},"classes":[]},{"id":4628,"url":"https:\/\/clavedesur.org\/en\/donate-2\/","url_meta":{"origin":4827,"position":5},"title":"\u00a1Donate!","author":"Ibis Salinas","date":"3 August, 2021","format":false,"excerpt":"Clave de Sur works for the community, so we try to find musical instruments that help people with limited resources so that they can learn to play an instrument even if they cannot buy their own. To donate just contact us directly,\u00a0 you can do the delivery in our facilities\u2026","rel":"","context":"Similar post","block_context":{"text":"Similar post","link":""},"img":{"alt_text":"","src":"https:\/\/i0.wp.com\/clavedesur.org\/wp-content\/uploads\/2015\/09\/nin%CC%83o-con-instrumento-donado-scaled.jpg?resize=350%2C200&ssl=1","width":350,"height":200,"srcset":"https:\/\/i0.wp.com\/clavedesur.org\/wp-content\/uploads\/2015\/09\/nin%CC%83o-con-instrumento-donado-scaled.jpg?resize=350%2C200&ssl=1 1x, https:\/\/i0.wp.com\/clavedesur.org\/wp-content\/uploads\/2015\/09\/nin%CC%83o-con-instrumento-donado-scaled.jpg?resize=525%2C300&ssl=1 1.5x, https:\/\/i0.wp.com\/clavedesur.org\/wp-content\/uploads\/2015\/09\/nin%CC%83o-con-instrumento-donado-scaled.jpg?resize=700%2C400&ssl=1 2x, https:\/\/i0.wp.com\/clavedesur.org\/wp-content\/uploads\/2015\/09\/nin%CC%83o-con-instrumento-donado-scaled.jpg?resize=1050%2C600&ssl=1 3x, https:\/\/i0.wp.com\/clavedesur.org\/wp-content\/uploads\/2015\/09\/nin%CC%83o-con-instrumento-donado-scaled.jpg?resize=1400%2C800&ssl=1 4x"},"classes":[]}],"jetpack_likes_enabled":true,"_links":{"self":[{"href":"https:\/\/clavedesur.org\/en\/wp-json\/wp\/v2\/pages\/4827","targetHints":{"allow":["GET"]}}],"collection":[{"href":"https:\/\/clavedesur.org\/en\/wp-json\/wp\/v2\/pages"}],"about":[{"href":"https:\/\/clavedesur.org\/en\/wp-json\/wp\/v2\/types\/page"}],"author":[{"embeddable":true,"href":"https:\/\/clavedesur.org\/en\/wp-json\/wp\/v2\/users\/2"}],"replies":[{"embeddable":true,"href":"https:\/\/clavedesur.org\/en\/wp-json\/wp\/v2\/comments?post=4827"}],"version-history":[{"count":4,"href":"https:\/\/clavedesur.org\/en\/wp-json\/wp\/v2\/pages\/4827\/revisions"}],"predecessor-version":[{"id":5132,"href":"https:\/\/clavedesur.org\/en\/wp-json\/wp\/v2\/pages\/4827\/revisions\/5132"}],"wp:featuredmedia":[{"embeddable":true,"href":"https:\/\/clavedesur.org\/en\/wp-json\/wp\/v2\/media\/2653"}],"wp:attachment":[{"href":"https:\/\/clavedesur.org\/en\/wp-json\/wp\/v2\/media?parent=4827"}],"curies":[{"name":"wp","href":"https:\/\/api.w.org\/{rel}","templated":true}]}}